{"id":271,"date":"2025-07-16T17:34:14","date_gmt":"2025-07-16T17:34:14","guid":{"rendered":"https:\/\/mirasur.net\/?page_id=271"},"modified":"2025-07-16T17:40:49","modified_gmt":"2025-07-16T17:40:49","slug":"accessibility-statement","status":"publish","type":"page","link":"https:\/\/mirasur.net\/en\/accessibility-statement\/","title":{"rendered":"Accessibility statement"},"content":{"rendered":"<div data-elementor-type=\"wp-page\" data-elementor-id=\"271\" class=\"elementor elementor-271\" data-elementor-post-type=\"page\">\n\t\t\t\t<div class=\"elementor-element elementor-element-0332d9d e-flex e-con-boxed e-con e-parent\" data-id=\"0332d9d\" data-element_type=\"container\" data-e-type=\"container\">\n\t\t\t\t\t<div class=\"e-con-inner\">\n\t\t\t\t<div class=\"elementor-element elementor-element-723d7d8 elementor-widget__width-inherit elementor-widget-tablet__width-initial elementor-widget-mobile__width-inherit elementor-invisible elementor-widget elementor-widget-heading\" data-id=\"723d7d8\" data-element_type=\"widget\" data-e-type=\"widget\" data-settings=\"{&quot;_animation&quot;:&quot;fadeIn&quot;}\" data-widget_type=\"heading.default\">\n\t\t\t\t\t<h1 class=\"elementor-heading-title elementor-size-default\">Accessibility statement<\/h1>\t\t\t\t<\/div>\n\t\t\t\t<div class=\"elementor-element elementor-element-9a678fb elementor-widget elementor-widget-breadcrumbs\" data-id=\"9a678fb\" data-element_type=\"widget\" data-e-type=\"widget\" data-widget_type=\"breadcrumbs.default\">\n\t\t\t\t\t<p id=\"breadcrumbs\"><span><span><a href=\"https:\/\/mirasur.net\/en\">Home<\/a><\/span><\/span><\/p>\t\t\t\t<\/div>\n\t\t\t\t<div class=\"elementor-element elementor-element-fd24bb0 elementor-widget elementor-widget-text-editor\" data-id=\"fd24bb0\" data-element_type=\"widget\" data-e-type=\"widget\" data-widget_type=\"text-editor.default\">\n\t\t\t\t\t\t\t\t\t<p>Our website, mirasur.net, has been designed and developed with the aim of being accessible to all users, regardless of their abilities or disabilities. We have followed the accessibility rules and standards established by the Web Content Accessibility Guidelines (WCAG) 2.1 to ensure that our site is easy to use for everyone.<\/p><p>To achieve this, we used the WordPress content management system, as well as the Elementor and Wp Accessibility plugins. These plugins allowed us to create an intuitive and easy-to-navigate user interface, and also provided specific accessibility features, such as the ability to increase text size, change interface colours, and use keyboard navigation.<\/p><p>If you have any problems accessing the information on our site, or if you find any errors, please contact us at mirasur@mirasur.net. We will do our best to provide you with the information in the form that best suits your needs.<\/p><p>We are committed to continuously improving the accessibility of our site and welcome any comments or suggestions you may have.<\/p><p>Date of last review: 16\/07\/2025<\/p>\t\t\t\t\t\t\t\t<\/div>\n\t\t\t\t\t<\/div>\n\t\t\t\t<\/div>\n\t\t\t\t<\/div>","protected":false},"excerpt":{"rendered":"<p>Declaraci\u00f3n de accesibilidad Nuestro sitio web mirasur.net, ha sido dise\u00f1ado y desarrollado con el objetivo de ser accesible para todos los usuarios, independientemente de sus habilidades o discapacidades. Hemos seguido las normas y est\u00e1ndares de accesibilidad establecidos por el Web Content Accessibility Guidelines (WCAG) 2.1 para garantizar que nuestro sitio sea f\u00e1cil de usar para [&hellip;]<\/p>\n","protected":false},"author":2,"featured_media":0,"parent":0,"menu_order":0,"comment_status":"closed","ping_status":"closed","template":"elementor_header_footer","meta":{"footnotes":""},"class_list":["post-271","page","type-page","status-publish","hentry"],"yoast_head":"<!-- This site is optimized with the Yoast SEO plugin v27.3 - https:\/\/yoast.com\/product\/yoast-seo-wordpress\/ -->\n<title>Declaraci\u00f3n de accesibilidad - Mirasur<\/title>\n<meta name=\"robots\" content=\"index, follow, max-snippet:-1, max-image-preview:large, max-video-preview:-1\" \/>\n<link rel=\"canonical\" href=\"https:\/\/mirasur.net\/en\/accessibility-statement\/\" \/>\n<meta property=\"og:locale\" content=\"en_GB\" \/>\n<meta property=\"og:type\" content=\"article\" \/>\n<meta property=\"og:title\" content=\"Declaraci\u00f3n de accesibilidad - Mirasur\" \/>\n<meta property=\"og:description\" content=\"Declaraci\u00f3n de accesibilidad Nuestro sitio web mirasur.net, ha sido dise\u00f1ado y desarrollado con el objetivo de ser accesible para todos los usuarios, independientemente de sus habilidades o discapacidades. Hemos seguido las normas y est\u00e1ndares de accesibilidad establecidos por el Web Content Accessibility Guidelines (WCAG) 2.1 para garantizar que nuestro sitio sea f\u00e1cil de usar para [&hellip;]\" \/>\n<meta property=\"og:url\" content=\"https:\/\/mirasur.net\/en\/accessibility-statement\/\" \/>\n<meta property=\"og:site_name\" content=\"Mirasur\" \/>\n<meta property=\"article:modified_time\" content=\"2025-07-16T17:40:49+00:00\" \/>\n<meta name=\"twitter:card\" content=\"summary_large_image\" \/>\n<meta name=\"twitter:label1\" content=\"Estimated reading time\" \/>\n\t<meta name=\"twitter:data1\" content=\"1 minute\" \/>\n<script type=\"application\/ld+json\" class=\"yoast-schema-graph\">{\"@context\":\"https:\\\/\\\/schema.org\",\"@graph\":[{\"@type\":\"WebPage\",\"@id\":\"https:\\\/\\\/mirasur.net\\\/declaracion-de-accesibilidad\\\/\",\"url\":\"https:\\\/\\\/mirasur.net\\\/declaracion-de-accesibilidad\\\/\",\"name\":\"Declaraci\u00f3n de accesibilidad - Mirasur\",\"isPartOf\":{\"@id\":\"https:\\\/\\\/mirasur.net\\\/#website\"},\"datePublished\":\"2025-07-16T17:34:14+00:00\",\"dateModified\":\"2025-07-16T17:40:49+00:00\",\"breadcrumb\":{\"@id\":\"https:\\\/\\\/mirasur.net\\\/declaracion-de-accesibilidad\\\/#breadcrumb\"},\"inLanguage\":\"en-GB\",\"potentialAction\":[{\"@type\":\"ReadAction\",\"target\":[\"https:\\\/\\\/mirasur.net\\\/declaracion-de-accesibilidad\\\/\"]}]},{\"@type\":\"BreadcrumbList\",\"@id\":\"https:\\\/\\\/mirasur.net\\\/declaracion-de-accesibilidad\\\/#breadcrumb\",\"itemListElement\":[{\"@type\":\"ListItem\",\"position\":1,\"name\":\"Inicio\",\"item\":\"https:\\\/\\\/mirasur.net\\\/\"},{\"@type\":\"ListItem\",\"position\":2,\"name\":\"Declaraci\u00f3n de accesibilidad\"}]},{\"@type\":\"WebSite\",\"@id\":\"https:\\\/\\\/mirasur.net\\\/#website\",\"url\":\"https:\\\/\\\/mirasur.net\\\/\",\"name\":\"Mirasur\",\"description\":\"Just another WordPress site\",\"publisher\":{\"@id\":\"https:\\\/\\\/mirasur.net\\\/#organization\"},\"potentialAction\":[{\"@type\":\"SearchAction\",\"target\":{\"@type\":\"EntryPoint\",\"urlTemplate\":\"https:\\\/\\\/mirasur.net\\\/?s={search_term_string}\"},\"query-input\":{\"@type\":\"PropertyValueSpecification\",\"valueRequired\":true,\"valueName\":\"search_term_string\"}}],\"inLanguage\":\"en-GB\"},{\"@type\":\"Organization\",\"@id\":\"https:\\\/\\\/mirasur.net\\\/#organization\",\"name\":\"Mirasur\",\"url\":\"https:\\\/\\\/mirasur.net\\\/\",\"logo\":{\"@type\":\"ImageObject\",\"inLanguage\":\"en-GB\",\"@id\":\"https:\\\/\\\/mirasur.net\\\/#\\\/schema\\\/logo\\\/image\\\/\",\"url\":\"https:\\\/\\\/mirasur.net\\\/wp-content\\\/uploads\\\/2025\\\/07\\\/removebg-preview-dd.png\",\"contentUrl\":\"https:\\\/\\\/mirasur.net\\\/wp-content\\\/uploads\\\/2025\\\/07\\\/removebg-preview-dd.png\",\"width\":320,\"height\":254,\"caption\":\"Mirasur\"},\"image\":{\"@id\":\"https:\\\/\\\/mirasur.net\\\/#\\\/schema\\\/logo\\\/image\\\/\"}}]}<\/script>\n<!-- \/ Yoast SEO plugin. -->","yoast_head_json":{"title":"Accessibility statement - Mirasur","robots":{"index":"index","follow":"follow","max-snippet":"max-snippet:-1","max-image-preview":"max-image-preview:large","max-video-preview":"max-video-preview:-1"},"canonical":"https:\/\/mirasur.net\/en\/accessibility-statement\/","og_locale":"en_GB","og_type":"article","og_title":"Declaraci\u00f3n de accesibilidad - Mirasur","og_description":"Declaraci\u00f3n de accesibilidad Nuestro sitio web mirasur.net, ha sido dise\u00f1ado y desarrollado con el objetivo de ser accesible para todos los usuarios, independientemente de sus habilidades o discapacidades. Hemos seguido las normas y est\u00e1ndares de accesibilidad establecidos por el Web Content Accessibility Guidelines (WCAG) 2.1 para garantizar que nuestro sitio sea f\u00e1cil de usar para [&hellip;]","og_url":"https:\/\/mirasur.net\/en\/accessibility-statement\/","og_site_name":"Mirasur","article_modified_time":"2025-07-16T17:40:49+00:00","twitter_card":"summary_large_image","twitter_misc":{"Estimated reading time":"1 minute"},"schema":{"@context":"https:\/\/schema.org","@graph":[{"@type":"WebPage","@id":"https:\/\/mirasur.net\/declaracion-de-accesibilidad\/","url":"https:\/\/mirasur.net\/declaracion-de-accesibilidad\/","name":"Accessibility statement - Mirasur","isPartOf":{"@id":"https:\/\/mirasur.net\/#website"},"datePublished":"2025-07-16T17:34:14+00:00","dateModified":"2025-07-16T17:40:49+00:00","breadcrumb":{"@id":"https:\/\/mirasur.net\/declaracion-de-accesibilidad\/#breadcrumb"},"inLanguage":"en-GB","potentialAction":[{"@type":"ReadAction","target":["https:\/\/mirasur.net\/declaracion-de-accesibilidad\/"]}]},{"@type":"BreadcrumbList","@id":"https:\/\/mirasur.net\/declaracion-de-accesibilidad\/#breadcrumb","itemListElement":[{"@type":"ListItem","position":1,"name":"Inicio","item":"https:\/\/mirasur.net\/"},{"@type":"ListItem","position":2,"name":"Declaraci\u00f3n de accesibilidad"}]},{"@type":"WebSite","@id":"https:\/\/mirasur.net\/#website","url":"https:\/\/mirasur.net\/","name":"Mirasur","description":"Just another WordPress site","publisher":{"@id":"https:\/\/mirasur.net\/#organization"},"potentialAction":[{"@type":"SearchAction","target":{"@type":"EntryPoint","urlTemplate":"https:\/\/mirasur.net\/?s={search_term_string}"},"query-input":{"@type":"PropertyValueSpecification","valueRequired":true,"valueName":"search_term_string"}}],"inLanguage":"en-GB"},{"@type":"Organization","@id":"https:\/\/mirasur.net\/#organization","name":"Mirasur","url":"https:\/\/mirasur.net\/","logo":{"@type":"ImageObject","inLanguage":"en-GB","@id":"https:\/\/mirasur.net\/#\/schema\/logo\/image\/","url":"https:\/\/mirasur.net\/wp-content\/uploads\/2025\/07\/removebg-preview-dd.png","contentUrl":"https:\/\/mirasur.net\/wp-content\/uploads\/2025\/07\/removebg-preview-dd.png","width":320,"height":254,"caption":"Mirasur"},"image":{"@id":"https:\/\/mirasur.net\/#\/schema\/logo\/image\/"}}]}},"_links":{"self":[{"href":"https:\/\/mirasur.net\/en\/wp-json\/wp\/v2\/pages\/271","targetHints":{"allow":["GET"]}}],"collection":[{"href":"https:\/\/mirasur.net\/en\/wp-json\/wp\/v2\/pages"}],"about":[{"href":"https:\/\/mirasur.net\/en\/wp-json\/wp\/v2\/types\/page"}],"author":[{"embeddable":true,"href":"https:\/\/mirasur.net\/en\/wp-json\/wp\/v2\/users\/2"}],"replies":[{"embeddable":true,"href":"https:\/\/mirasur.net\/en\/wp-json\/wp\/v2\/comments?post=271"}],"version-history":[{"count":9,"href":"https:\/\/mirasur.net\/en\/wp-json\/wp\/v2\/pages\/271\/revisions"}],"predecessor-version":[{"id":333,"href":"https:\/\/mirasur.net\/en\/wp-json\/wp\/v2\/pages\/271\/revisions\/333"}],"wp:attachment":[{"href":"https:\/\/mirasur.net\/en\/wp-json\/wp\/v2\/media?parent=271"}],"curies":[{"name":"wp","href":"https:\/\/api.w.org\/{rel}","templated":true}]}}